{"id":616,"date":"2023-03-10T14:17:56","date_gmt":"2023-03-10T13:17:56","guid":{"rendered":"https:\/\/brugel.brusim.be\/accueil\/"},"modified":"2026-03-09T15:57:54","modified_gmt":"2026-03-09T14:57:54","slug":"accueil","status":"publish","type":"page","link":"https:\/\/brugel.brusim.be\/nl\/","title":{"rendered":"Home"},"content":{"rendered":"\t\t<div data-elementor-type=\"wp-page\" data-elementor-id=\"616\" class=\"elementor elementor-616 elementor-557\" data-elementor-post-type=\"page\">\n\t\t\t\t\t\t<section class=\"elementor-section elementor-top-section elementor-element elementor-element-623909b7 elementor-section-height-min-height elementor-section-items-stretch elementor-section-content-middle elementor-section-boxed elementor-section-height-default\" data-id=\"623909b7\" data-element_type=\"section\" data-e-type=\"section\" data-settings=\"{&quot;background_background&quot;:&quot;classic&quot;}\">\n\t\t\t\t\t\t<div class=\"elementor-container elementor-column-gap-no\">\n\t\t\t\t\t<div class=\"elementor-column elementor-col-100 elementor-top-column elementor-element elementor-element-55ae3522\" data-id=\"55ae3522\" data-element_type=\"column\" data-e-type=\"column\">\n\t\t\t<div class=\"elementor-widget-wrap elementor-element-populated\">\n\t\t\t\t\t\t<div class=\"elementor-element elementor-element-14ee4a3 elementor-widget elementor-widget-spacer\" data-id=\"14ee4a3\" data-element_type=\"widget\" data-e-type=\"widget\" data-widget_type=\"spacer.default\">\n\t\t\t\t<div class=\"elementor-widget-container\">\n\t\t\t\t\t\t\t<div class=\"elementor-spacer\">\n\t\t\t<div class=\"elementor-spacer-inner\"><\/div>\n\t\t<\/div>\n\t\t\t\t\t\t<\/div>\n\t\t\t\t<\/div>\n\t\t\t\t<section class=\"elementor-section elementor-inner-section elementor-element elementor-element-00b5cea elementor-section-boxed elementor-section-height-default elementor-section-height-default\" data-id=\"00b5cea\" data-element_type=\"section\" data-e-type=\"section\">\n\t\t\t\t\t\t<div class=\"elementor-container elementor-column-gap-default\">\n\t\t\t\t\t<div class=\"elementor-column elementor-col-50 elementor-inner-column elementor-element elementor-element-7c1613f\" data-id=\"7c1613f\" data-element_type=\"column\" data-e-type=\"column\">\n\t\t\t<div class=\"elementor-widget-wrap elementor-element-populated\">\n\t\t\t\t\t\t<div class=\"elementor-element elementor-element-4d49735 elementor-widget elementor-widget-text-editor\" data-id=\"4d49735\" data-element_type=\"widget\" data-e-type=\"widget\" data-widget_type=\"text-editor.default\">\n\t\t\t\t<div class=\"elementor-widget-container\">\n\t\t\t\t\t\t\t\t\t<p><a href=\"https:\/\/brugel.brusim.be\/en\/\">English version<\/a><\/p><div id=\"ConnectiveDocSignExtentionInstalled\" data-extension-version=\"1.0.4\"> <\/div>\t\t\t\t\t\t\t\t<\/div>\n\t\t\t\t<\/div>\n\t\t\t\t\t<\/div>\n\t\t<\/div>\n\t\t\t\t<div class=\"elementor-column elementor-col-50 elementor-inner-column elementor-element elementor-element-ad4a86b\" data-id=\"ad4a86b\" data-element_type=\"column\" data-e-type=\"column\">\n\t\t\t<div class=\"elementor-widget-wrap\">\n\t\t\t\t\t\t\t<\/div>\n\t\t<\/div>\n\t\t\t\t\t<\/div>\n\t\t<\/section>\n\t\t\t\t<div class=\"elementor-element elementor-element-78250cf1 elementor-widget elementor-widget-heading\" data-id=\"78250cf1\" data-element_type=\"widget\" data-e-type=\"widget\" data-widget_type=\"heading.default\">\n\t\t\t\t<div class=\"elementor-widget-container\">\n\t\t\t\t\t<h1 class=\"elementor-heading-title elementor-size-default\">Vergelijker van het aanbod van leveranciers<\/h1>\t\t\t\t<\/div>\n\t\t\t\t<\/div>\n\t\t\t\t<div class=\"elementor-element elementor-element-20e0b882 elementor-widget elementor-widget-heading\" data-id=\"20e0b882\" data-element_type=\"widget\" data-e-type=\"widget\" data-widget_type=\"heading.default\">\n\t\t\t\t<div class=\"elementor-widget-container\">\n\t\t\t\t\t<h5 class=\"elementor-heading-title elementor-size-default\">Vergelijk alle aanbiedingen van elektriciteits- en gasleveranciers in Brussel-Hoofdstedelijk Gewest.<\/h5>\t\t\t\t<\/div>\n\t\t\t\t<\/div>\n\t\t\t\t<div class=\"elementor-element elementor-element-35be573 elementor-alert-info elementor-widget elementor-widget-alert\" data-id=\"35be573\" data-element_type=\"widget\" data-e-type=\"widget\" data-widget_type=\"alert.default\">\n\t\t\t\t<div class=\"elementor-widget-container\">\n\t\t\t\t\t\t\t<div class=\"elementor-alert\" role=\"alert\">\n\n\t\t\t\t\t\t<span class=\"elementor-alert-title\">!!! Let op !!!<\/span>\n\t\t\t\n\t\t\t\t\t\t<span class=\"elementor-alert-description\">De prijssimulaties voor contracten met variabele en dynamische prijzen houden geen rekening met de gestegen gas- en elektriciteitsprijzen op de groothandelsmarkten, door het conflict in het Midden-Oosten. Bovendien passen sommige leveranciers de voorwaarden van hun contracten met vaste prijzen aan: het is essentieel om de prijsfiches te raadplegen en de specifieke voorwaarden voor producten met vaste prijzen te lezen.<\/span>\n\t\t\t\n\t\t\t\t\t\t<button type=\"button\" class=\"elementor-alert-dismiss\" aria-label=\"Deze waarschuwing negeren.\">\n\t\t\t\t\t\t\t\t\t<span aria-hidden=\"true\">&times;<\/span>\n\t\t\t\t\t\t\t<\/button>\n\t\t\t\n\t\t<\/div>\n\t\t\t\t\t\t<\/div>\n\t\t\t\t<\/div>\n\t\t\t\t<div class=\"elementor-element elementor-element-b419480 elementor-align-center elementor-widget elementor-widget-button\" data-id=\"b419480\" data-element_type=\"widget\" data-e-type=\"widget\" data-widget_type=\"button.default\">\n\t\t\t\t<div class=\"elementor-widget-container\">\n\t\t\t\t\t\t\t\t\t<div class=\"elementor-button-wrapper\">\n\t\t\t\t\t<a class=\"elementor-button elementor-button-link elementor-size-sm\" href=\"#elementor-action%3Aaction%3Dpopup%3Aopen%26settings%3DeyJpZCI6MTQzMCwidG9nZ2xlIjpmYWxzZX0%3D\">\n\t\t\t\t\t\t<span class=\"elementor-button-content-wrapper\">\n\t\t\t\t\t\t\t\t\t<span class=\"elementor-button-text\">Hoe ga ik te werk?<\/span>\n\t\t\t\t\t<\/span>\n\t\t\t\t\t<\/a>\n\t\t\t\t<\/div>\n\t\t\t\t\t\t\t\t<\/div>\n\t\t\t\t<\/div>\n\t\t\t\t<div class=\"elementor-element elementor-element-5b07405 elementor-widget elementor-widget-shortcode\" data-id=\"5b07405\" data-element_type=\"widget\" data-e-type=\"widget\" data-widget_type=\"shortcode.default\">\n\t\t\t\t<div class=\"elementor-widget-container\">\n\t\t\t\t\t\t\t<div class=\"elementor-shortcode\"><div style=\"width: 100%;\" class=\"container\">\r\n\t\t\t\t<iframe id=\"comparator-iframe\" class=\"responsive-iframe\" title=\"Brusim\"  style=\"width: 100%;\" width=\"100%\" src=\"https:\/\/app.brusim.be\/nl-BE\/?theme=light\"><\/iframe>\r\n            <\/div>\t\t\t\r\n\t\t\t<script type='text\/javascript'>  \r\n\t\t\t\tvar isProsumer = 0;\r\n\t\t\t\tvar stepperStep = 1;\r\n\t\t\t\twindow.addEventListener(\"message\", function(event) {\r\n\t\t\t\t if (typeof event.data === 'string') {\r\n\t\t\t\t\tif (event.data.indexOf('resize::') != -1)\r\n\t\t\t\t\t{\r\n\t\t\t\t\t\tlet height = parseInt(event.data.replace('resize::', '')) + 20;\r\n\t\t\t\t\t\tdocument.getElementById(\"comparator-iframe\").style.height = height + 'px';\t\t\t\t\t\r\n\t\t\t\t\t}\r\n\t\t\t\t\t\r\n\t\t\t\t\t\r\n\t\t\t\t\tif (event.data.indexOf('isProsumer::') != -1)\r\n\t\t\t\t\t{\r\n\t\t\t\t\t\tisProsumer = parseInt(event.data.replace('isProsumer::', '')) + 20;\t\t\t\t\t\r\n\t\t\t\t\t}\t\t\t\t\r\n\t\t\t\t\t\r\n\t\t\t\t\tif (event.data.indexOf('stepperStep::') != -1)\r\n\t\t\t\t\t{\r\n\t\t\t\t\t\tdocument.body.scrollIntoView({ behavior: \"smooth\" });\r\n\t\t\t\t\t\tstepperStep = parseInt(event.data.replace('stepperStep::', ''));\t\t\t\t\t \r\n\t\t\t\t\t}\t\t\t\t\r\n\t\t\t\t}\r\n\r\n\t\t\t\t});\r\n\t\t\t<\/script><\/div>\n\t\t\t\t\t\t<\/div>\n\t\t\t\t<\/div>\n\t\t\t\t\t<\/div>\n\t\t<\/div>\n\t\t\t\t\t<\/div>\n\t\t<\/section>\n\t\t\t\t<section class=\"elementor-section elementor-top-section elementor-element elementor-element-77473fd elementor-hidden-desktop elementor-hidden-tablet elementor-hidden-mobile elementor-section-boxed elementor-section-height-default elementor-section-height-default\" data-id=\"77473fd\" data-element_type=\"section\" data-e-type=\"section\">\n\t\t\t\t\t\t<div class=\"elementor-container elementor-column-gap-default\">\n\t\t\t\t\t<div class=\"elementor-column elementor-col-33 elementor-top-column elementor-element elementor-element-9ee770a\" data-id=\"9ee770a\" data-element_type=\"column\" data-e-type=\"column\">\n\t\t\t<div class=\"elementor-widget-wrap elementor-element-populated\">\n\t\t\t\t\t\t<div class=\"elementor-element elementor-element-04638cb elementor-widget elementor-widget-heading\" data-id=\"04638cb\" data-element_type=\"widget\" data-e-type=\"widget\" data-widget_type=\"heading.default\">\n\t\t\t\t<div class=\"elementor-widget-container\">\n\t\t\t\t\t<h2 class=\"elementor-heading-title elementor-size-default\">Links<\/h2>\t\t\t\t<\/div>\n\t\t\t\t<\/div>\n\t\t\t\t<div class=\"elementor-element elementor-element-8011a64 elementor-icon-list--layout-traditional elementor-list-item-link-full_width elementor-widget elementor-widget-icon-list\" data-id=\"8011a64\" data-element_type=\"widget\" data-e-type=\"widget\" data-widget_type=\"icon-list.default\">\n\t\t\t\t<div class=\"elementor-widget-container\">\n\t\t\t\t\t\t\t<ul class=\"elementor-icon-list-items\">\n\t\t\t\t\t\t\t<li class=\"elementor-icon-list-item\">\n\t\t\t\t\t\t\t\t\t\t\t<a href=\"https:\/\/brugel.brusim.be\/nl\/faq\/\">\n\n\t\t\t\t\t\t\t\t\t\t\t<span class=\"elementor-icon-list-text\">FAQ<\/span>\n\t\t\t\t\t\t\t\t\t\t\t<\/a>\n\t\t\t\t\t\t\t\t\t<\/li>\n\t\t\t\t\t\t\t\t<li class=\"elementor-icon-list-item\">\n\t\t\t\t\t\t\t\t\t\t\t<a href=\"https:\/\/app.powerbi.com\/view?r=eyJrIjoiMjBkYTJiOTItMzczMy00MjY3LTg0YTUtY2Q3YmI5YWQ5ODk0IiwidCI6ImMwYjg2YzA3LWRhZGUtNDkyMC1hYzEzLWIwZWNhZDNiMmM5NSIsImMiOjh9\" target=\"_blank\">\n\n\t\t\t\t\t\t\t\t\t\t\t<span class=\"elementor-icon-list-text\"> Prijzen observatorium<\/span>\n\t\t\t\t\t\t\t\t\t\t\t<\/a>\n\t\t\t\t\t\t\t\t\t<\/li>\n\t\t\t\t\t\t\t\t<li class=\"elementor-icon-list-item\">\n\t\t\t\t\t\t\t\t\t\t\t<a href=\"https:\/\/www.brugel.brussels\/themes\/les-acteurs-du-marche-10\/liste-des-fournisseurs-28\" target=\"_blank\">\n\n\t\t\t\t\t\t\t\t\t\t\t<span class=\"elementor-icon-list-text\">Lijst van de leveranciers<\/span>\n\t\t\t\t\t\t\t\t\t\t\t<\/a>\n\t\t\t\t\t\t\t\t\t<\/li>\n\t\t\t\t\t\t\t\t<li class=\"elementor-icon-list-item\">\n\t\t\t\t\t\t\t\t\t\t\t<a href=\"https:\/\/www.creg.be\/fr\/cregscan#\/\" target=\"_blank\">\n\n\t\t\t\t\t\t\t\t\t\t\t<span class=\"elementor-icon-list-text\">CREG Scan<\/span>\n\t\t\t\t\t\t\t\t\t\t\t<\/a>\n\t\t\t\t\t\t\t\t\t<\/li>\n\t\t\t\t\t\t\t\t<li class=\"elementor-icon-list-item\">\n\t\t\t\t\t\t\t\t\t\t\t<a href=\"https:\/\/brugel.brusim.be\/nl\/cookies\/\">\n\n\t\t\t\t\t\t\t\t\t\t\t<span class=\"elementor-icon-list-text\">Cookies<\/span>\n\t\t\t\t\t\t\t\t\t\t\t<\/a>\n\t\t\t\t\t\t\t\t\t<\/li>\n\t\t\t\t\t\t\t\t<li class=\"elementor-icon-list-item\">\n\t\t\t\t\t\t\t\t\t\t\t<a href=\"https:\/\/brugel.brusim.be\/nl\/disclaimer\/\">\n\n\t\t\t\t\t\t\t\t\t\t\t<span class=\"elementor-icon-list-text\">Disclaimer<\/span>\n\t\t\t\t\t\t\t\t\t\t\t<\/a>\n\t\t\t\t\t\t\t\t\t<\/li>\n\t\t\t\t\t\t<\/ul>\n\t\t\t\t\t\t<\/div>\n\t\t\t\t<\/div>\n\t\t\t\t\t<\/div>\n\t\t<\/div>\n\t\t\t\t<div class=\"elementor-column elementor-col-33 elementor-top-column elementor-element elementor-element-c5e9f76\" data-id=\"c5e9f76\" data-element_type=\"column\" data-e-type=\"column\">\n\t\t\t<div class=\"elementor-widget-wrap\">\n\t\t\t\t\t\t\t<\/div>\n\t\t<\/div>\n\t\t\t\t<div class=\"elementor-column elementor-col-33 elementor-top-column elementor-element elementor-element-087a0b8\" data-id=\"087a0b8\" data-element_type=\"column\" data-e-type=\"column\">\n\t\t\t<div class=\"elementor-widget-wrap\">\n\t\t\t\t\t\t\t<\/div>\n\t\t<\/div>\n\t\t\t\t\t<\/div>\n\t\t<\/section>\n\t\t\t\t<\/div>\n\t\t","protected":false},"excerpt":{"rendered":"<p>English version Vergelijker van het aanbod van leveranciers Vergelijk alle aanbiedingen van elektriciteits- en gasleveranciers in Brussel-Hoofdstedelijk Gewest. !!! Let op !!! De prijssimulaties voor contracten met variabele en dynamische prijzen houden geen rekening met de gestegen gas- en elektriciteitsprijzen op de groothandelsmarkten, door het conflict in het Midden-Oosten. Bovendien passen sommige leveranciers de voorwaarden [&hellip;]<\/p>\n","protected":false},"author":1,"featured_media":0,"parent":0,"menu_order":0,"comment_status":"closed","ping_status":"closed","template":"elementor_header_footer","meta":{"inline_featured_image":false,"footnotes":""},"class_list":["post-616","page","type-page","status-publish","hentry"],"yoast_head":"<!-- This site is optimized with the Yoast SEO plugin v27.5 - https:\/\/yoast.com\/product\/yoast-seo-wordpress\/ -->\n<title>Home - BruSim<\/title>\n<meta name=\"robots\" content=\"noindex, follow, max-snippet:-1, max-image-preview:large, max-video-preview:-1\" \/>\n<meta property=\"og:locale\" content=\"nl_NL\" \/>\n<meta property=\"og:type\" content=\"article\" \/>\n<meta property=\"og:title\" content=\"Home - BruSim\" \/>\n<meta property=\"og:description\" content=\"English version Vergelijker van het aanbod van leveranciers Vergelijk alle aanbiedingen van elektriciteits- en gasleveranciers in Brussel-Hoofdstedelijk Gewest. !!! Let op !!! De prijssimulaties voor contracten met variabele en dynamische prijzen houden geen rekening met de gestegen gas- en elektriciteitsprijzen op de groothandelsmarkten, door het conflict in het Midden-Oosten. Bovendien passen sommige leveranciers de voorwaarden [&hellip;]\" \/>\n<meta property=\"og:url\" content=\"https:\/\/brugel.brusim.be\/nl\/\" \/>\n<meta property=\"og:site_name\" content=\"BruSim\" \/>\n<meta property=\"article:modified_time\" content=\"2026-03-09T14:57:54+00:00\" \/>\n<meta name=\"twitter:card\" content=\"summary_large_image\" \/>\n<meta name=\"twitter:label1\" content=\"Geschatte leestijd\" \/>\n\t<meta name=\"twitter:data1\" content=\"1 minuut\" \/>\n<script type=\"application\/ld+json\" class=\"yoast-schema-graph\">{\"@context\":\"https:\\\/\\\/schema.org\",\"@graph\":[{\"@type\":\"WebPage\",\"@id\":\"https:\\\/\\\/brugel.brusim.be\\\/nl\\\/\",\"url\":\"https:\\\/\\\/brugel.brusim.be\\\/nl\\\/\",\"name\":\"Home - BruSim\",\"isPartOf\":{\"@id\":\"https:\\\/\\\/brugel.brusim.be\\\/nl\\\/#website\"},\"datePublished\":\"2023-03-10T13:17:56+00:00\",\"dateModified\":\"2026-03-09T14:57:54+00:00\",\"breadcrumb\":{\"@id\":\"https:\\\/\\\/brugel.brusim.be\\\/nl\\\/#breadcrumb\"},\"inLanguage\":\"nl-NL\",\"potentialAction\":[{\"@type\":\"ReadAction\",\"target\":[\"https:\\\/\\\/brugel.brusim.be\\\/nl\\\/\"]}]},{\"@type\":\"BreadcrumbList\",\"@id\":\"https:\\\/\\\/brugel.brusim.be\\\/nl\\\/#breadcrumb\",\"itemListElement\":[{\"@type\":\"ListItem\",\"position\":1,\"name\":\"Accueil\",\"item\":\"https:\\\/\\\/brugel.brusim.be\\\/nl\\\/accueil\\\/\"},{\"@type\":\"ListItem\",\"position\":2,\"name\":\"Home\"}]},{\"@type\":\"WebSite\",\"@id\":\"https:\\\/\\\/brugel.brusim.be\\\/nl\\\/#website\",\"url\":\"https:\\\/\\\/brugel.brusim.be\\\/nl\\\/\",\"name\":\"BruSim\",\"description\":\"Ce simulateur vous permet de comparer l&#039;ensemble des offres propos\u00e9es par les fournisseurs d&#039;\u00e9lectricit\u00e9 et de gaz en R\u00e9gion de Bruxelles-Capitale.\",\"publisher\":{\"@id\":\"https:\\\/\\\/brugel.brusim.be\\\/nl\\\/#organization\"},\"potentialAction\":[{\"@type\":\"SearchAction\",\"target\":{\"@type\":\"EntryPoint\",\"urlTemplate\":\"https:\\\/\\\/brugel.brusim.be\\\/nl\\\/?s={search_term_string}\"},\"query-input\":{\"@type\":\"PropertyValueSpecification\",\"valueRequired\":true,\"valueName\":\"search_term_string\"}}],\"inLanguage\":\"nl-NL\"},{\"@type\":\"Organization\",\"@id\":\"https:\\\/\\\/brugel.brusim.be\\\/nl\\\/#organization\",\"name\":\"BruSim\",\"url\":\"https:\\\/\\\/brugel.brusim.be\\\/nl\\\/\",\"logo\":{\"@type\":\"ImageObject\",\"inLanguage\":\"nl-NL\",\"@id\":\"https:\\\/\\\/brugel.brusim.be\\\/nl\\\/#\\\/schema\\\/logo\\\/image\\\/\",\"url\":\"https:\\\/\\\/brugel.brusim.be\\\/wp-content\\\/uploads\\\/2023\\\/06\\\/brugel-logo.svg\",\"contentUrl\":\"https:\\\/\\\/brugel.brusim.be\\\/wp-content\\\/uploads\\\/2023\\\/06\\\/brugel-logo.svg\",\"width\":202,\"height\":42,\"caption\":\"BruSim\"},\"image\":{\"@id\":\"https:\\\/\\\/brugel.brusim.be\\\/nl\\\/#\\\/schema\\\/logo\\\/image\\\/\"}}]}<\/script>\n<!-- \/ Yoast SEO plugin. -->","yoast_head_json":{"title":"Home - BruSim","robots":{"index":"noindex","follow":"follow","max-snippet":"max-snippet:-1","max-image-preview":"max-image-preview:large","max-video-preview":"max-video-preview:-1"},"og_locale":"nl_NL","og_type":"article","og_title":"Home - BruSim","og_description":"English version Vergelijker van het aanbod van leveranciers Vergelijk alle aanbiedingen van elektriciteits- en gasleveranciers in Brussel-Hoofdstedelijk Gewest. !!! Let op !!! De prijssimulaties voor contracten met variabele en dynamische prijzen houden geen rekening met de gestegen gas- en elektriciteitsprijzen op de groothandelsmarkten, door het conflict in het Midden-Oosten. Bovendien passen sommige leveranciers de voorwaarden [&hellip;]","og_url":"https:\/\/brugel.brusim.be\/nl\/","og_site_name":"BruSim","article_modified_time":"2026-03-09T14:57:54+00:00","twitter_card":"summary_large_image","twitter_misc":{"Geschatte leestijd":"1 minuut"},"schema":{"@context":"https:\/\/schema.org","@graph":[{"@type":"WebPage","@id":"https:\/\/brugel.brusim.be\/nl\/","url":"https:\/\/brugel.brusim.be\/nl\/","name":"Home - BruSim","isPartOf":{"@id":"https:\/\/brugel.brusim.be\/nl\/#website"},"datePublished":"2023-03-10T13:17:56+00:00","dateModified":"2026-03-09T14:57:54+00:00","breadcrumb":{"@id":"https:\/\/brugel.brusim.be\/nl\/#breadcrumb"},"inLanguage":"nl-NL","potentialAction":[{"@type":"ReadAction","target":["https:\/\/brugel.brusim.be\/nl\/"]}]},{"@type":"BreadcrumbList","@id":"https:\/\/brugel.brusim.be\/nl\/#breadcrumb","itemListElement":[{"@type":"ListItem","position":1,"name":"Accueil","item":"https:\/\/brugel.brusim.be\/nl\/accueil\/"},{"@type":"ListItem","position":2,"name":"Home"}]},{"@type":"WebSite","@id":"https:\/\/brugel.brusim.be\/nl\/#website","url":"https:\/\/brugel.brusim.be\/nl\/","name":"BruSim","description":"Ce simulateur vous permet de comparer l&#039;ensemble des offres propos\u00e9es par les fournisseurs d&#039;\u00e9lectricit\u00e9 et de gaz en R\u00e9gion de Bruxelles-Capitale.","publisher":{"@id":"https:\/\/brugel.brusim.be\/nl\/#organization"},"potentialAction":[{"@type":"SearchAction","target":{"@type":"EntryPoint","urlTemplate":"https:\/\/brugel.brusim.be\/nl\/?s={search_term_string}"},"query-input":{"@type":"PropertyValueSpecification","valueRequired":true,"valueName":"search_term_string"}}],"inLanguage":"nl-NL"},{"@type":"Organization","@id":"https:\/\/brugel.brusim.be\/nl\/#organization","name":"BruSim","url":"https:\/\/brugel.brusim.be\/nl\/","logo":{"@type":"ImageObject","inLanguage":"nl-NL","@id":"https:\/\/brugel.brusim.be\/nl\/#\/schema\/logo\/image\/","url":"https:\/\/brugel.brusim.be\/wp-content\/uploads\/2023\/06\/brugel-logo.svg","contentUrl":"https:\/\/brugel.brusim.be\/wp-content\/uploads\/2023\/06\/brugel-logo.svg","width":202,"height":42,"caption":"BruSim"},"image":{"@id":"https:\/\/brugel.brusim.be\/nl\/#\/schema\/logo\/image\/"}}]}},"_links":{"self":[{"href":"https:\/\/brugel.brusim.be\/nl\/wp-json\/wp\/v2\/pages\/616","targetHints":{"allow":["GET"]}}],"collection":[{"href":"https:\/\/brugel.brusim.be\/nl\/wp-json\/wp\/v2\/pages"}],"about":[{"href":"https:\/\/brugel.brusim.be\/nl\/wp-json\/wp\/v2\/types\/page"}],"author":[{"embeddable":true,"href":"https:\/\/brugel.brusim.be\/nl\/wp-json\/wp\/v2\/users\/1"}],"replies":[{"embeddable":true,"href":"https:\/\/brugel.brusim.be\/nl\/wp-json\/wp\/v2\/comments?post=616"}],"version-history":[{"count":46,"href":"https:\/\/brugel.brusim.be\/nl\/wp-json\/wp\/v2\/pages\/616\/revisions"}],"predecessor-version":[{"id":1699,"href":"https:\/\/brugel.brusim.be\/nl\/wp-json\/wp\/v2\/pages\/616\/revisions\/1699"}],"wp:attachment":[{"href":"https:\/\/brugel.brusim.be\/nl\/wp-json\/wp\/v2\/media?parent=616"}],"curies":[{"name":"wp","href":"https:\/\/api.w.org\/{rel}","templated":true}]}}