{"id":1286,"date":"2023-06-19T18:57:20","date_gmt":"2023-06-19T16:57:20","guid":{"rendered":"https:\/\/brugel.brusim.be\/cookies\/"},"modified":"2025-02-26T15:40:08","modified_gmt":"2025-02-26T14:40:08","slug":"cookies","status":"publish","type":"page","link":"https:\/\/brugel.brusim.be\/nl\/cookies\/","title":{"rendered":"Cookies"},"content":{"rendered":"\t\t<div data-elementor-type=\"wp-page\" data-elementor-id=\"1286\" class=\"elementor elementor-1286 elementor-1139\" data-elementor-post-type=\"page\">\n\t\t\t\t\t\t<section class=\"elementor-section elementor-top-section elementor-element elementor-element-ccdee8a elementor-section-boxed elementor-section-height-default elementor-section-height-default\" data-id=\"ccdee8a\" data-element_type=\"section\" data-e-type=\"section\">\n\t\t\t\t\t\t<div class=\"elementor-container elementor-column-gap-default\">\n\t\t\t\t\t<div class=\"elementor-column elementor-col-100 elementor-top-column elementor-element elementor-element-09aa28f\" data-id=\"09aa28f\" data-element_type=\"column\" data-e-type=\"column\">\n\t\t\t<div class=\"elementor-widget-wrap elementor-element-populated\">\n\t\t\t\t\t\t<div class=\"elementor-element elementor-element-d1b6144 elementor-widget elementor-widget-text-editor\" data-id=\"d1b6144\" data-element_type=\"widget\" data-e-type=\"widget\" data-widget_type=\"text-editor.default\">\n\t\t\t\t<div class=\"elementor-widget-container\">\n\t\t\t\t\t\t\t\t\t<p>We gebruiken cookies om b. v. uw vergelijking naar u per email te sturen. Cookies zijn tekstbestanden met kleine hoeveelheden informatie. De cookies verzamelen geen enkel persoonlijk gegeven van de bezoeker en de identificeerbare gegevens worden nooit opgeslagen. Wil je het gebruik van cookies uitschakelen? Pas dan de instellingen van je computer aan om alle cookies van de website te wissen en\/of om een waarschuwingsbericht te krijgen wanneer er cookies op je computer worden opgeslagen.<\/p>\n<p>Afspraak op www.aboutcookies.org voor meer informatie over cookies en de gevolgen voor jou en jouw gebruikservaring bij het navigeren.<\/p>\n\t\t\t\t\t\t\t\t<\/div>\n\t\t\t\t<\/div>\n\t\t\t\t\t<\/div>\n\t\t<\/div>\n\t\t\t\t\t<\/div>\n\t\t<\/section>\n\t\t\t\t<\/div>\n\t\t","protected":false},"excerpt":{"rendered":"<p>We gebruiken cookies om b. v. uw vergelijking naar u per email te sturen. Cookies zijn tekstbestanden met kleine hoeveelheden informatie. De cookies verzamelen geen enkel persoonlijk gegeven van de bezoeker en de identificeerbare gegevens worden nooit opgeslagen. Wil je het gebruik van cookies uitschakelen? Pas dan de instellingen van je computer aan om alle [&hellip;]<\/p>\n","protected":false},"author":1,"featured_media":0,"parent":0,"menu_order":0,"comment_status":"closed","ping_status":"closed","template":"","meta":{"inline_featured_image":false,"footnotes":""},"class_list":["post-1286","page","type-page","status-publish","hentry"],"yoast_head":"<!-- This site is optimized with the Yoast SEO plugin v27.5 - https:\/\/yoast.com\/product\/yoast-seo-wordpress\/ -->\n<title>Cookies - BruSim<\/title>\n<meta name=\"robots\" content=\"noindex, follow, max-snippet:-1, max-image-preview:large, max-video-preview:-1\" \/>\n<meta property=\"og:locale\" content=\"nl_NL\" \/>\n<meta property=\"og:type\" content=\"article\" \/>\n<meta property=\"og:title\" content=\"Cookies - BruSim\" \/>\n<meta property=\"og:description\" content=\"We gebruiken cookies om b. v. uw vergelijking naar u per email te sturen. Cookies zijn tekstbestanden met kleine hoeveelheden informatie. De cookies verzamelen geen enkel persoonlijk gegeven van de bezoeker en de identificeerbare gegevens worden nooit opgeslagen. Wil je het gebruik van cookies uitschakelen? Pas dan de instellingen van je computer aan om alle [&hellip;]\" \/>\n<meta property=\"og:url\" content=\"https:\/\/brugel.brusim.be\/nl\/cookies\/\" \/>\n<meta property=\"og:site_name\" content=\"BruSim\" \/>\n<meta property=\"article:modified_time\" content=\"2025-02-26T14:40:08+00:00\" \/>\n<meta name=\"twitter:card\" content=\"summary_large_image\" \/>\n<script type=\"application\/ld+json\" class=\"yoast-schema-graph\">{\"@context\":\"https:\\\/\\\/schema.org\",\"@graph\":[{\"@type\":\"WebPage\",\"@id\":\"https:\\\/\\\/brugel.brusim.be\\\/nl\\\/cookies\\\/\",\"url\":\"https:\\\/\\\/brugel.brusim.be\\\/nl\\\/cookies\\\/\",\"name\":\"Cookies - BruSim\",\"isPartOf\":{\"@id\":\"https:\\\/\\\/brugel.brusim.be\\\/nl\\\/#website\"},\"datePublished\":\"2023-06-19T16:57:20+00:00\",\"dateModified\":\"2025-02-26T14:40:08+00:00\",\"breadcrumb\":{\"@id\":\"https:\\\/\\\/brugel.brusim.be\\\/nl\\\/cookies\\\/#breadcrumb\"},\"inLanguage\":\"nl-NL\",\"potentialAction\":[{\"@type\":\"ReadAction\",\"target\":[\"https:\\\/\\\/brugel.brusim.be\\\/nl\\\/cookies\\\/\"]}]},{\"@type\":\"BreadcrumbList\",\"@id\":\"https:\\\/\\\/brugel.brusim.be\\\/nl\\\/cookies\\\/#breadcrumb\",\"itemListElement\":[{\"@type\":\"ListItem\",\"position\":1,\"name\":\"Accueil\",\"item\":\"https:\\\/\\\/brugel.brusim.be\\\/nl\\\/accueil\\\/\"},{\"@type\":\"ListItem\",\"position\":2,\"name\":\"Cookies\"}]},{\"@type\":\"WebSite\",\"@id\":\"https:\\\/\\\/brugel.brusim.be\\\/nl\\\/#website\",\"url\":\"https:\\\/\\\/brugel.brusim.be\\\/nl\\\/\",\"name\":\"BruSim\",\"description\":\"Ce simulateur vous permet de comparer l&#039;ensemble des offres propos\u00e9es par les fournisseurs d&#039;\u00e9lectricit\u00e9 et de gaz en R\u00e9gion de Bruxelles-Capitale.\",\"publisher\":{\"@id\":\"https:\\\/\\\/brugel.brusim.be\\\/nl\\\/#organization\"},\"potentialAction\":[{\"@type\":\"SearchAction\",\"target\":{\"@type\":\"EntryPoint\",\"urlTemplate\":\"https:\\\/\\\/brugel.brusim.be\\\/nl\\\/?s={search_term_string}\"},\"query-input\":{\"@type\":\"PropertyValueSpecification\",\"valueRequired\":true,\"valueName\":\"search_term_string\"}}],\"inLanguage\":\"nl-NL\"},{\"@type\":\"Organization\",\"@id\":\"https:\\\/\\\/brugel.brusim.be\\\/nl\\\/#organization\",\"name\":\"BruSim\",\"url\":\"https:\\\/\\\/brugel.brusim.be\\\/nl\\\/\",\"logo\":{\"@type\":\"ImageObject\",\"inLanguage\":\"nl-NL\",\"@id\":\"https:\\\/\\\/brugel.brusim.be\\\/nl\\\/#\\\/schema\\\/logo\\\/image\\\/\",\"url\":\"https:\\\/\\\/brugel.brusim.be\\\/wp-content\\\/uploads\\\/2023\\\/06\\\/brugel-logo.svg\",\"contentUrl\":\"https:\\\/\\\/brugel.brusim.be\\\/wp-content\\\/uploads\\\/2023\\\/06\\\/brugel-logo.svg\",\"width\":202,\"height\":42,\"caption\":\"BruSim\"},\"image\":{\"@id\":\"https:\\\/\\\/brugel.brusim.be\\\/nl\\\/#\\\/schema\\\/logo\\\/image\\\/\"}}]}<\/script>\n<!-- \/ Yoast SEO plugin. -->","yoast_head_json":{"title":"Cookies - BruSim","robots":{"index":"noindex","follow":"follow","max-snippet":"max-snippet:-1","max-image-preview":"max-image-preview:large","max-video-preview":"max-video-preview:-1"},"og_locale":"nl_NL","og_type":"article","og_title":"Cookies - BruSim","og_description":"We gebruiken cookies om b. v. uw vergelijking naar u per email te sturen. Cookies zijn tekstbestanden met kleine hoeveelheden informatie. De cookies verzamelen geen enkel persoonlijk gegeven van de bezoeker en de identificeerbare gegevens worden nooit opgeslagen. Wil je het gebruik van cookies uitschakelen? Pas dan de instellingen van je computer aan om alle [&hellip;]","og_url":"https:\/\/brugel.brusim.be\/nl\/cookies\/","og_site_name":"BruSim","article_modified_time":"2025-02-26T14:40:08+00:00","twitter_card":"summary_large_image","schema":{"@context":"https:\/\/schema.org","@graph":[{"@type":"WebPage","@id":"https:\/\/brugel.brusim.be\/nl\/cookies\/","url":"https:\/\/brugel.brusim.be\/nl\/cookies\/","name":"Cookies - BruSim","isPartOf":{"@id":"https:\/\/brugel.brusim.be\/nl\/#website"},"datePublished":"2023-06-19T16:57:20+00:00","dateModified":"2025-02-26T14:40:08+00:00","breadcrumb":{"@id":"https:\/\/brugel.brusim.be\/nl\/cookies\/#breadcrumb"},"inLanguage":"nl-NL","potentialAction":[{"@type":"ReadAction","target":["https:\/\/brugel.brusim.be\/nl\/cookies\/"]}]},{"@type":"BreadcrumbList","@id":"https:\/\/brugel.brusim.be\/nl\/cookies\/#breadcrumb","itemListElement":[{"@type":"ListItem","position":1,"name":"Accueil","item":"https:\/\/brugel.brusim.be\/nl\/accueil\/"},{"@type":"ListItem","position":2,"name":"Cookies"}]},{"@type":"WebSite","@id":"https:\/\/brugel.brusim.be\/nl\/#website","url":"https:\/\/brugel.brusim.be\/nl\/","name":"BruSim","description":"Ce simulateur vous permet de comparer l&#039;ensemble des offres propos\u00e9es par les fournisseurs d&#039;\u00e9lectricit\u00e9 et de gaz en R\u00e9gion de Bruxelles-Capitale.","publisher":{"@id":"https:\/\/brugel.brusim.be\/nl\/#organization"},"potentialAction":[{"@type":"SearchAction","target":{"@type":"EntryPoint","urlTemplate":"https:\/\/brugel.brusim.be\/nl\/?s={search_term_string}"},"query-input":{"@type":"PropertyValueSpecification","valueRequired":true,"valueName":"search_term_string"}}],"inLanguage":"nl-NL"},{"@type":"Organization","@id":"https:\/\/brugel.brusim.be\/nl\/#organization","name":"BruSim","url":"https:\/\/brugel.brusim.be\/nl\/","logo":{"@type":"ImageObject","inLanguage":"nl-NL","@id":"https:\/\/brugel.brusim.be\/nl\/#\/schema\/logo\/image\/","url":"https:\/\/brugel.brusim.be\/wp-content\/uploads\/2023\/06\/brugel-logo.svg","contentUrl":"https:\/\/brugel.brusim.be\/wp-content\/uploads\/2023\/06\/brugel-logo.svg","width":202,"height":42,"caption":"BruSim"},"image":{"@id":"https:\/\/brugel.brusim.be\/nl\/#\/schema\/logo\/image\/"}}]}},"_links":{"self":[{"href":"https:\/\/brugel.brusim.be\/nl\/wp-json\/wp\/v2\/pages\/1286","targetHints":{"allow":["GET"]}}],"collection":[{"href":"https:\/\/brugel.brusim.be\/nl\/wp-json\/wp\/v2\/pages"}],"about":[{"href":"https:\/\/brugel.brusim.be\/nl\/wp-json\/wp\/v2\/types\/page"}],"author":[{"embeddable":true,"href":"https:\/\/brugel.brusim.be\/nl\/wp-json\/wp\/v2\/users\/1"}],"replies":[{"embeddable":true,"href":"https:\/\/brugel.brusim.be\/nl\/wp-json\/wp\/v2\/comments?post=1286"}],"version-history":[{"count":7,"href":"https:\/\/brugel.brusim.be\/nl\/wp-json\/wp\/v2\/pages\/1286\/revisions"}],"predecessor-version":[{"id":1626,"href":"https:\/\/brugel.brusim.be\/nl\/wp-json\/wp\/v2\/pages\/1286\/revisions\/1626"}],"wp:attachment":[{"href":"https:\/\/brugel.brusim.be\/nl\/wp-json\/wp\/v2\/media?parent=1286"}],"curies":[{"name":"wp","href":"https:\/\/api.w.org\/{rel}","templated":true}]}}