{"id":1283,"date":"2023-06-19T18:44:36","date_gmt":"2023-06-19T16:44:36","guid":{"rendered":"https:\/\/brugel.brusim.be\/disclaimer\/"},"modified":"2023-12-07T15:16:56","modified_gmt":"2023-12-07T14:16:56","slug":"disclaimer","status":"publish","type":"page","link":"https:\/\/brugel.brusim.be\/nl\/disclaimer\/","title":{"rendered":"Disclaimer"},"content":{"rendered":"\t\t<div data-elementor-type=\"wp-page\" data-elementor-id=\"1283\" class=\"elementor elementor-1283 elementor-1123\" data-elementor-post-type=\"page\">\n\t\t\t\t\t\t<section class=\"elementor-section elementor-top-section elementor-element elementor-element-9bd7d2f elementor-section-boxed elementor-section-height-default elementor-section-height-default\" data-id=\"9bd7d2f\" data-element_type=\"section\" data-e-type=\"section\">\n\t\t\t\t\t\t<div class=\"elementor-container elementor-column-gap-default\">\n\t\t\t\t\t<div class=\"elementor-column elementor-col-100 elementor-top-column elementor-element elementor-element-1506078\" data-id=\"1506078\" data-element_type=\"column\" data-e-type=\"column\">\n\t\t\t<div class=\"elementor-widget-wrap elementor-element-populated\">\n\t\t\t\t\t\t<div class=\"elementor-element elementor-element-f29083a elementor-widget elementor-widget-heading\" data-id=\"f29083a\" data-element_type=\"widget\" data-e-type=\"widget\" data-widget_type=\"heading.default\">\n\t\t\t\t<div class=\"elementor-widget-container\">\n\t\t\t\t\t<h1 class=\"elementor-heading-title elementor-size-default\">Vergelijker van het aanbod van leveranciers<\/h1>\t\t\t\t<\/div>\n\t\t\t\t<\/div>\n\t\t\t\t<div class=\"elementor-element elementor-element-b8d9dad elementor-widget elementor-widget-text-editor\" data-id=\"b8d9dad\" data-element_type=\"widget\" data-e-type=\"widget\" data-widget_type=\"text-editor.default\">\n\t\t\t\t<div class=\"elementor-widget-container\">\n\t\t\t\t\t\t\t\t\t<p><span style=\"background-color: var( --e-global-color-c696dce ); font-size: 1rem;\">Opgelet, deze prijzenvergelijker verschaft u een benadering van uw jaarlijkse gas- of elektriciteitsfactuur om u te helpen in het kiezen van de juiste leverancier. In het geval u een contract met \u00e9\u00e9n van de leveranciers op de Brusselse markt zou willen afsluiten, is het raadzaam om de clausules van het contract aandachtig na te lezen. Uw energiefactuur kan niet worden betwist op grond van verschillen met de huidige simulatie. De Regulator voor gas en elektriciteit in het Brussels Hoofdstedelijk Gewest zal op geen enkele manier aansprakelijk kunnen worden gesteld in het geval de informatie verkregen na de simulatie onvolledig of foutief zou blijken.<\/span><\/p>\n<p>Het e-mailadres van de gebruikers wordt als strikt persoonlijk beschouwd. Het zal niet worden bewaard, noch aan derden worden gegeven.<\/p>\n\t\t\t\t\t\t\t\t<\/div>\n\t\t\t\t<\/div>\n\t\t\t\t\t<\/div>\n\t\t<\/div>\n\t\t\t\t\t<\/div>\n\t\t<\/section>\n\t\t\t\t<\/div>\n\t\t","protected":false},"excerpt":{"rendered":"<p>Vergelijker van het aanbod van leveranciers Opgelet, deze prijzenvergelijker verschaft u een benadering van uw jaarlijkse gas- of elektriciteitsfactuur om u te helpen in het kiezen van de juiste leverancier. In het geval u een contract met \u00e9\u00e9n van de leveranciers op de Brusselse markt zou willen afsluiten, is het raadzaam om de clausules van [&hellip;]<\/p>\n","protected":false},"author":1,"featured_media":0,"parent":0,"menu_order":0,"comment_status":"closed","ping_status":"closed","template":"","meta":{"inline_featured_image":false,"footnotes":""},"class_list":["post-1283","page","type-page","status-publish","hentry"],"yoast_head":"<!-- This site is optimized with the Yoast SEO plugin v27.5 - https:\/\/yoast.com\/product\/yoast-seo-wordpress\/ -->\n<title>Disclaimer - BruSim<\/title>\n<meta name=\"robots\" content=\"noindex, follow, max-snippet:-1, max-image-preview:large, max-video-preview:-1\" \/>\n<meta property=\"og:locale\" content=\"nl_NL\" \/>\n<meta property=\"og:type\" content=\"article\" \/>\n<meta property=\"og:title\" content=\"Disclaimer - BruSim\" \/>\n<meta property=\"og:description\" content=\"Vergelijker van het aanbod van leveranciers Opgelet, deze prijzenvergelijker verschaft u een benadering van uw jaarlijkse gas- of elektriciteitsfactuur om u te helpen in het kiezen van de juiste leverancier. In het geval u een contract met \u00e9\u00e9n van de leveranciers op de Brusselse markt zou willen afsluiten, is het raadzaam om de clausules van [&hellip;]\" \/>\n<meta property=\"og:url\" content=\"https:\/\/brugel.brusim.be\/nl\/disclaimer\/\" \/>\n<meta property=\"og:site_name\" content=\"BruSim\" \/>\n<meta property=\"article:modified_time\" content=\"2023-12-07T14:16:56+00:00\" \/>\n<meta name=\"twitter:card\" content=\"summary_large_image\" \/>\n<meta name=\"twitter:label1\" content=\"Geschatte leestijd\" \/>\n\t<meta name=\"twitter:data1\" content=\"1 minuut\" \/>\n<script type=\"application\/ld+json\" class=\"yoast-schema-graph\">{\"@context\":\"https:\\\/\\\/schema.org\",\"@graph\":[{\"@type\":\"WebPage\",\"@id\":\"https:\\\/\\\/brugel.brusim.be\\\/nl\\\/disclaimer\\\/\",\"url\":\"https:\\\/\\\/brugel.brusim.be\\\/nl\\\/disclaimer\\\/\",\"name\":\"Disclaimer - BruSim\",\"isPartOf\":{\"@id\":\"https:\\\/\\\/brugel.brusim.be\\\/nl\\\/#website\"},\"datePublished\":\"2023-06-19T16:44:36+00:00\",\"dateModified\":\"2023-12-07T14:16:56+00:00\",\"breadcrumb\":{\"@id\":\"https:\\\/\\\/brugel.brusim.be\\\/nl\\\/disclaimer\\\/#breadcrumb\"},\"inLanguage\":\"nl-NL\",\"potentialAction\":[{\"@type\":\"ReadAction\",\"target\":[\"https:\\\/\\\/brugel.brusim.be\\\/nl\\\/disclaimer\\\/\"]}]},{\"@type\":\"BreadcrumbList\",\"@id\":\"https:\\\/\\\/brugel.brusim.be\\\/nl\\\/disclaimer\\\/#breadcrumb\",\"itemListElement\":[{\"@type\":\"ListItem\",\"position\":1,\"name\":\"Accueil\",\"item\":\"https:\\\/\\\/brugel.brusim.be\\\/nl\\\/accueil\\\/\"},{\"@type\":\"ListItem\",\"position\":2,\"name\":\"Disclaimer\"}]},{\"@type\":\"WebSite\",\"@id\":\"https:\\\/\\\/brugel.brusim.be\\\/nl\\\/#website\",\"url\":\"https:\\\/\\\/brugel.brusim.be\\\/nl\\\/\",\"name\":\"BruSim\",\"description\":\"Ce simulateur vous permet de comparer l&#039;ensemble des offres propos\u00e9es par les fournisseurs d&#039;\u00e9lectricit\u00e9 et de gaz en R\u00e9gion de Bruxelles-Capitale.\",\"publisher\":{\"@id\":\"https:\\\/\\\/brugel.brusim.be\\\/nl\\\/#organization\"},\"potentialAction\":[{\"@type\":\"SearchAction\",\"target\":{\"@type\":\"EntryPoint\",\"urlTemplate\":\"https:\\\/\\\/brugel.brusim.be\\\/nl\\\/?s={search_term_string}\"},\"query-input\":{\"@type\":\"PropertyValueSpecification\",\"valueRequired\":true,\"valueName\":\"search_term_string\"}}],\"inLanguage\":\"nl-NL\"},{\"@type\":\"Organization\",\"@id\":\"https:\\\/\\\/brugel.brusim.be\\\/nl\\\/#organization\",\"name\":\"BruSim\",\"url\":\"https:\\\/\\\/brugel.brusim.be\\\/nl\\\/\",\"logo\":{\"@type\":\"ImageObject\",\"inLanguage\":\"nl-NL\",\"@id\":\"https:\\\/\\\/brugel.brusim.be\\\/nl\\\/#\\\/schema\\\/logo\\\/image\\\/\",\"url\":\"https:\\\/\\\/brugel.brusim.be\\\/wp-content\\\/uploads\\\/2023\\\/06\\\/brugel-logo.svg\",\"contentUrl\":\"https:\\\/\\\/brugel.brusim.be\\\/wp-content\\\/uploads\\\/2023\\\/06\\\/brugel-logo.svg\",\"width\":202,\"height\":42,\"caption\":\"BruSim\"},\"image\":{\"@id\":\"https:\\\/\\\/brugel.brusim.be\\\/nl\\\/#\\\/schema\\\/logo\\\/image\\\/\"}}]}<\/script>\n<!-- \/ Yoast SEO plugin. -->","yoast_head_json":{"title":"Disclaimer - BruSim","robots":{"index":"noindex","follow":"follow","max-snippet":"max-snippet:-1","max-image-preview":"max-image-preview:large","max-video-preview":"max-video-preview:-1"},"og_locale":"nl_NL","og_type":"article","og_title":"Disclaimer - BruSim","og_description":"Vergelijker van het aanbod van leveranciers Opgelet, deze prijzenvergelijker verschaft u een benadering van uw jaarlijkse gas- of elektriciteitsfactuur om u te helpen in het kiezen van de juiste leverancier. In het geval u een contract met \u00e9\u00e9n van de leveranciers op de Brusselse markt zou willen afsluiten, is het raadzaam om de clausules van [&hellip;]","og_url":"https:\/\/brugel.brusim.be\/nl\/disclaimer\/","og_site_name":"BruSim","article_modified_time":"2023-12-07T14:16:56+00:00","twitter_card":"summary_large_image","twitter_misc":{"Geschatte leestijd":"1 minuut"},"schema":{"@context":"https:\/\/schema.org","@graph":[{"@type":"WebPage","@id":"https:\/\/brugel.brusim.be\/nl\/disclaimer\/","url":"https:\/\/brugel.brusim.be\/nl\/disclaimer\/","name":"Disclaimer - BruSim","isPartOf":{"@id":"https:\/\/brugel.brusim.be\/nl\/#website"},"datePublished":"2023-06-19T16:44:36+00:00","dateModified":"2023-12-07T14:16:56+00:00","breadcrumb":{"@id":"https:\/\/brugel.brusim.be\/nl\/disclaimer\/#breadcrumb"},"inLanguage":"nl-NL","potentialAction":[{"@type":"ReadAction","target":["https:\/\/brugel.brusim.be\/nl\/disclaimer\/"]}]},{"@type":"BreadcrumbList","@id":"https:\/\/brugel.brusim.be\/nl\/disclaimer\/#breadcrumb","itemListElement":[{"@type":"ListItem","position":1,"name":"Accueil","item":"https:\/\/brugel.brusim.be\/nl\/accueil\/"},{"@type":"ListItem","position":2,"name":"Disclaimer"}]},{"@type":"WebSite","@id":"https:\/\/brugel.brusim.be\/nl\/#website","url":"https:\/\/brugel.brusim.be\/nl\/","name":"BruSim","description":"Ce simulateur vous permet de comparer l&#039;ensemble des offres propos\u00e9es par les fournisseurs d&#039;\u00e9lectricit\u00e9 et de gaz en R\u00e9gion de Bruxelles-Capitale.","publisher":{"@id":"https:\/\/brugel.brusim.be\/nl\/#organization"},"potentialAction":[{"@type":"SearchAction","target":{"@type":"EntryPoint","urlTemplate":"https:\/\/brugel.brusim.be\/nl\/?s={search_term_string}"},"query-input":{"@type":"PropertyValueSpecification","valueRequired":true,"valueName":"search_term_string"}}],"inLanguage":"nl-NL"},{"@type":"Organization","@id":"https:\/\/brugel.brusim.be\/nl\/#organization","name":"BruSim","url":"https:\/\/brugel.brusim.be\/nl\/","logo":{"@type":"ImageObject","inLanguage":"nl-NL","@id":"https:\/\/brugel.brusim.be\/nl\/#\/schema\/logo\/image\/","url":"https:\/\/brugel.brusim.be\/wp-content\/uploads\/2023\/06\/brugel-logo.svg","contentUrl":"https:\/\/brugel.brusim.be\/wp-content\/uploads\/2023\/06\/brugel-logo.svg","width":202,"height":42,"caption":"BruSim"},"image":{"@id":"https:\/\/brugel.brusim.be\/nl\/#\/schema\/logo\/image\/"}}]}},"_links":{"self":[{"href":"https:\/\/brugel.brusim.be\/nl\/wp-json\/wp\/v2\/pages\/1283","targetHints":{"allow":["GET"]}}],"collection":[{"href":"https:\/\/brugel.brusim.be\/nl\/wp-json\/wp\/v2\/pages"}],"about":[{"href":"https:\/\/brugel.brusim.be\/nl\/wp-json\/wp\/v2\/types\/page"}],"author":[{"embeddable":true,"href":"https:\/\/brugel.brusim.be\/nl\/wp-json\/wp\/v2\/users\/1"}],"replies":[{"embeddable":true,"href":"https:\/\/brugel.brusim.be\/nl\/wp-json\/wp\/v2\/comments?post=1283"}],"version-history":[{"count":4,"href":"https:\/\/brugel.brusim.be\/nl\/wp-json\/wp\/v2\/pages\/1283\/revisions"}],"predecessor-version":[{"id":1569,"href":"https:\/\/brugel.brusim.be\/nl\/wp-json\/wp\/v2\/pages\/1283\/revisions\/1569"}],"wp:attachment":[{"href":"https:\/\/brugel.brusim.be\/nl\/wp-json\/wp\/v2\/media?parent=1283"}],"curies":[{"name":"wp","href":"https:\/\/api.w.org\/{rel}","templated":true}]}}