{"id":1139,"date":"2023-06-19T18:57:20","date_gmt":"2023-06-19T16:57:20","guid":{"rendered":"https:\/\/brugel.brusim.be\/?page_id=1139"},"modified":"2023-06-19T19:03:38","modified_gmt":"2023-06-19T17:03:38","slug":"cookies","status":"publish","type":"page","link":"https:\/\/brugel.brusim.be\/fr\/cookies\/","title":{"rendered":"Cookies"},"content":{"rendered":"\t\t<div data-elementor-type=\"wp-page\" data-elementor-id=\"1139\" class=\"elementor elementor-1139\" data-elementor-post-type=\"page\">\n\t\t\t\t\t\t<section class=\"elementor-section elementor-top-section elementor-element elementor-element-ccdee8a elementor-section-boxed elementor-section-height-default elementor-section-height-default\" data-id=\"ccdee8a\" data-element_type=\"section\" data-e-type=\"section\">\n\t\t\t\t\t\t<div class=\"elementor-container elementor-column-gap-default\">\n\t\t\t\t\t<div class=\"elementor-column elementor-col-100 elementor-top-column elementor-element elementor-element-09aa28f\" data-id=\"09aa28f\" data-element_type=\"column\" data-e-type=\"column\">\n\t\t\t<div class=\"elementor-widget-wrap elementor-element-populated\">\n\t\t\t\t\t\t<div class=\"elementor-element elementor-element-d1b6144 elementor-widget elementor-widget-text-editor\" data-id=\"d1b6144\" data-element_type=\"widget\" data-e-type=\"widget\" data-widget_type=\"text-editor.default\">\n\t\t\t\t<div class=\"elementor-widget-container\">\n\t\t\t\t\t\t\t\t\t<p>Afin de nous permettre de vous rendre des services tels que l&rsquo;envoi de vos comparaisons par email, nous utilisons des cookies. Les cookies sont de petits paquets de donn\u00e9es. Les cookies ne collectent aucune donn\u00e9e personnelle d&rsquo;un utilisateur et les donn\u00e9es identifiables ne seront jamais enregistr\u00e9es. Si vous souhaitez \u00e9viter l&rsquo;utilisation de cookies, vous devez adapter les param\u00e8tres de votre ordinateur pour effacer tous les cookies de sites Web et\/ou vous informer par un message d&rsquo;avertissement si des cookies sont en train d&rsquo;\u00eatre stock\u00e9s.<\/p><p>Rendez-vous sur www.aboutcookies.org pour avoir plus d&rsquo;informations sur les cookies et leurs cons\u00e9quences sur vous et votre exp\u00e9rience de navigation.<\/p>\t\t\t\t\t\t\t\t<\/div>\n\t\t\t\t<\/div>\n\t\t\t\t\t<\/div>\n\t\t<\/div>\n\t\t\t\t\t<\/div>\n\t\t<\/section>\n\t\t\t\t<\/div>\n\t\t","protected":false},"excerpt":{"rendered":"<p>Afin de nous permettre de vous rendre des services tels que l&rsquo;envoi de vos comparaisons par email, nous utilisons des cookies. Les cookies sont de petits paquets de donn\u00e9es. Les cookies ne collectent aucune donn\u00e9e personnelle d&rsquo;un utilisateur et les donn\u00e9es identifiables ne seront jamais enregistr\u00e9es. Si vous souhaitez \u00e9viter l&rsquo;utilisation de cookies, vous devez [&hellip;]<\/p>\n","protected":false},"author":1,"featured_media":0,"parent":0,"menu_order":0,"comment_status":"closed","ping_status":"closed","template":"","meta":{"inline_featured_image":false,"footnotes":""},"class_list":["post-1139","page","type-page","status-publish","hentry"],"yoast_head":"<!-- This site is optimized with the Yoast SEO plugin v27.5 - https:\/\/yoast.com\/product\/yoast-seo-wordpress\/ -->\n<title>Cookies - BruSim<\/title>\n<meta name=\"robots\" content=\"noindex, follow, max-snippet:-1, max-image-preview:large, max-video-preview:-1\" \/>\n<meta property=\"og:locale\" content=\"fr_FR\" \/>\n<meta property=\"og:type\" content=\"article\" \/>\n<meta property=\"og:title\" content=\"Cookies - BruSim\" \/>\n<meta property=\"og:description\" content=\"Afin de nous permettre de vous rendre des services tels que l&rsquo;envoi de vos comparaisons par email, nous utilisons des cookies. Les cookies sont de petits paquets de donn\u00e9es. Les cookies ne collectent aucune donn\u00e9e personnelle d&rsquo;un utilisateur et les donn\u00e9es identifiables ne seront jamais enregistr\u00e9es. Si vous souhaitez \u00e9viter l&rsquo;utilisation de cookies, vous devez [&hellip;]\" \/>\n<meta property=\"og:url\" content=\"https:\/\/brugel.brusim.be\/fr\/cookies\/\" \/>\n<meta property=\"og:site_name\" content=\"BruSim\" \/>\n<meta property=\"article:modified_time\" content=\"2023-06-19T17:03:38+00:00\" \/>\n<meta name=\"twitter:card\" content=\"summary_large_image\" \/>\n<meta name=\"twitter:label1\" content=\"Dur\u00e9e de lecture estim\u00e9e\" \/>\n\t<meta name=\"twitter:data1\" content=\"1 minute\" \/>\n<script type=\"application\/ld+json\" class=\"yoast-schema-graph\">{\"@context\":\"https:\\\/\\\/schema.org\",\"@graph\":[{\"@type\":\"WebPage\",\"@id\":\"https:\\\/\\\/brugel.brusim.be\\\/fr\\\/cookies\\\/\",\"url\":\"https:\\\/\\\/brugel.brusim.be\\\/fr\\\/cookies\\\/\",\"name\":\"Cookies - BruSim\",\"isPartOf\":{\"@id\":\"https:\\\/\\\/brugel.brusim.be\\\/fr\\\/#website\"},\"datePublished\":\"2023-06-19T16:57:20+00:00\",\"dateModified\":\"2023-06-19T17:03:38+00:00\",\"breadcrumb\":{\"@id\":\"https:\\\/\\\/brugel.brusim.be\\\/fr\\\/cookies\\\/#breadcrumb\"},\"inLanguage\":\"fr-FR\",\"potentialAction\":[{\"@type\":\"ReadAction\",\"target\":[\"https:\\\/\\\/brugel.brusim.be\\\/fr\\\/cookies\\\/\"]}]},{\"@type\":\"BreadcrumbList\",\"@id\":\"https:\\\/\\\/brugel.brusim.be\\\/fr\\\/cookies\\\/#breadcrumb\",\"itemListElement\":[{\"@type\":\"ListItem\",\"position\":1,\"name\":\"Accueil\",\"item\":\"https:\\\/\\\/brugel.brusim.be\\\/fr\\\/\"},{\"@type\":\"ListItem\",\"position\":2,\"name\":\"Cookies\"}]},{\"@type\":\"WebSite\",\"@id\":\"https:\\\/\\\/brugel.brusim.be\\\/fr\\\/#website\",\"url\":\"https:\\\/\\\/brugel.brusim.be\\\/fr\\\/\",\"name\":\"BruSim\",\"description\":\"Ce simulateur vous permet de comparer l&#039;ensemble des offres propos\u00e9es par les fournisseurs d&#039;\u00e9lectricit\u00e9 et de gaz en R\u00e9gion de Bruxelles-Capitale.\",\"publisher\":{\"@id\":\"https:\\\/\\\/brugel.brusim.be\\\/fr\\\/#organization\"},\"potentialAction\":[{\"@type\":\"SearchAction\",\"target\":{\"@type\":\"EntryPoint\",\"urlTemplate\":\"https:\\\/\\\/brugel.brusim.be\\\/fr\\\/?s={search_term_string}\"},\"query-input\":{\"@type\":\"PropertyValueSpecification\",\"valueRequired\":true,\"valueName\":\"search_term_string\"}}],\"inLanguage\":\"fr-FR\"},{\"@type\":\"Organization\",\"@id\":\"https:\\\/\\\/brugel.brusim.be\\\/fr\\\/#organization\",\"name\":\"BruSim\",\"url\":\"https:\\\/\\\/brugel.brusim.be\\\/fr\\\/\",\"logo\":{\"@type\":\"ImageObject\",\"inLanguage\":\"fr-FR\",\"@id\":\"https:\\\/\\\/brugel.brusim.be\\\/fr\\\/#\\\/schema\\\/logo\\\/image\\\/\",\"url\":\"https:\\\/\\\/brugel.brusim.be\\\/wp-content\\\/uploads\\\/2023\\\/06\\\/brugel-logo.svg\",\"contentUrl\":\"https:\\\/\\\/brugel.brusim.be\\\/wp-content\\\/uploads\\\/2023\\\/06\\\/brugel-logo.svg\",\"width\":202,\"height\":42,\"caption\":\"BruSim\"},\"image\":{\"@id\":\"https:\\\/\\\/brugel.brusim.be\\\/fr\\\/#\\\/schema\\\/logo\\\/image\\\/\"}}]}<\/script>\n<!-- \/ Yoast SEO plugin. -->","yoast_head_json":{"title":"Cookies - BruSim","robots":{"index":"noindex","follow":"follow","max-snippet":"max-snippet:-1","max-image-preview":"max-image-preview:large","max-video-preview":"max-video-preview:-1"},"og_locale":"fr_FR","og_type":"article","og_title":"Cookies - BruSim","og_description":"Afin de nous permettre de vous rendre des services tels que l&rsquo;envoi de vos comparaisons par email, nous utilisons des cookies. Les cookies sont de petits paquets de donn\u00e9es. Les cookies ne collectent aucune donn\u00e9e personnelle d&rsquo;un utilisateur et les donn\u00e9es identifiables ne seront jamais enregistr\u00e9es. Si vous souhaitez \u00e9viter l&rsquo;utilisation de cookies, vous devez [&hellip;]","og_url":"https:\/\/brugel.brusim.be\/fr\/cookies\/","og_site_name":"BruSim","article_modified_time":"2023-06-19T17:03:38+00:00","twitter_card":"summary_large_image","twitter_misc":{"Dur\u00e9e de lecture estim\u00e9e":"1 minute"},"schema":{"@context":"https:\/\/schema.org","@graph":[{"@type":"WebPage","@id":"https:\/\/brugel.brusim.be\/fr\/cookies\/","url":"https:\/\/brugel.brusim.be\/fr\/cookies\/","name":"Cookies - BruSim","isPartOf":{"@id":"https:\/\/brugel.brusim.be\/fr\/#website"},"datePublished":"2023-06-19T16:57:20+00:00","dateModified":"2023-06-19T17:03:38+00:00","breadcrumb":{"@id":"https:\/\/brugel.brusim.be\/fr\/cookies\/#breadcrumb"},"inLanguage":"fr-FR","potentialAction":[{"@type":"ReadAction","target":["https:\/\/brugel.brusim.be\/fr\/cookies\/"]}]},{"@type":"BreadcrumbList","@id":"https:\/\/brugel.brusim.be\/fr\/cookies\/#breadcrumb","itemListElement":[{"@type":"ListItem","position":1,"name":"Accueil","item":"https:\/\/brugel.brusim.be\/fr\/"},{"@type":"ListItem","position":2,"name":"Cookies"}]},{"@type":"WebSite","@id":"https:\/\/brugel.brusim.be\/fr\/#website","url":"https:\/\/brugel.brusim.be\/fr\/","name":"BruSim","description":"Ce simulateur vous permet de comparer l&#039;ensemble des offres propos\u00e9es par les fournisseurs d&#039;\u00e9lectricit\u00e9 et de gaz en R\u00e9gion de Bruxelles-Capitale.","publisher":{"@id":"https:\/\/brugel.brusim.be\/fr\/#organization"},"potentialAction":[{"@type":"SearchAction","target":{"@type":"EntryPoint","urlTemplate":"https:\/\/brugel.brusim.be\/fr\/?s={search_term_string}"},"query-input":{"@type":"PropertyValueSpecification","valueRequired":true,"valueName":"search_term_string"}}],"inLanguage":"fr-FR"},{"@type":"Organization","@id":"https:\/\/brugel.brusim.be\/fr\/#organization","name":"BruSim","url":"https:\/\/brugel.brusim.be\/fr\/","logo":{"@type":"ImageObject","inLanguage":"fr-FR","@id":"https:\/\/brugel.brusim.be\/fr\/#\/schema\/logo\/image\/","url":"https:\/\/brugel.brusim.be\/wp-content\/uploads\/2023\/06\/brugel-logo.svg","contentUrl":"https:\/\/brugel.brusim.be\/wp-content\/uploads\/2023\/06\/brugel-logo.svg","width":202,"height":42,"caption":"BruSim"},"image":{"@id":"https:\/\/brugel.brusim.be\/fr\/#\/schema\/logo\/image\/"}}]}},"_links":{"self":[{"href":"https:\/\/brugel.brusim.be\/fr\/wp-json\/wp\/v2\/pages\/1139","targetHints":{"allow":["GET"]}}],"collection":[{"href":"https:\/\/brugel.brusim.be\/fr\/wp-json\/wp\/v2\/pages"}],"about":[{"href":"https:\/\/brugel.brusim.be\/fr\/wp-json\/wp\/v2\/types\/page"}],"author":[{"embeddable":true,"href":"https:\/\/brugel.brusim.be\/fr\/wp-json\/wp\/v2\/users\/1"}],"replies":[{"embeddable":true,"href":"https:\/\/brugel.brusim.be\/fr\/wp-json\/wp\/v2\/comments?post=1139"}],"version-history":[{"count":4,"href":"https:\/\/brugel.brusim.be\/fr\/wp-json\/wp\/v2\/pages\/1139\/revisions"}],"predecessor-version":[{"id":1143,"href":"https:\/\/brugel.brusim.be\/fr\/wp-json\/wp\/v2\/pages\/1139\/revisions\/1143"}],"wp:attachment":[{"href":"https:\/\/brugel.brusim.be\/fr\/wp-json\/wp\/v2\/media?parent=1139"}],"curies":[{"name":"wp","href":"https:\/\/api.w.org\/{rel}","templated":true}]}}