{"id":1123,"date":"2023-06-19T18:44:36","date_gmt":"2023-06-19T16:44:36","guid":{"rendered":"https:\/\/brugel.brusim.be\/?page_id=1123"},"modified":"2023-06-19T19:04:18","modified_gmt":"2023-06-19T17:04:18","slug":"disclaimer","status":"publish","type":"page","link":"https:\/\/brugel.brusim.be\/fr\/disclaimer\/","title":{"rendered":"Disclaimer"},"content":{"rendered":"\t\t<div data-elementor-type=\"wp-page\" data-elementor-id=\"1123\" class=\"elementor elementor-1123\" data-elementor-post-type=\"page\">\n\t\t\t\t\t\t<section class=\"elementor-section elementor-top-section elementor-element elementor-element-9bd7d2f elementor-section-boxed elementor-section-height-default elementor-section-height-default\" data-id=\"9bd7d2f\" data-element_type=\"section\" data-e-type=\"section\">\n\t\t\t\t\t\t<div class=\"elementor-container elementor-column-gap-default\">\n\t\t\t\t\t<div class=\"elementor-column elementor-col-100 elementor-top-column elementor-element elementor-element-1506078\" data-id=\"1506078\" data-element_type=\"column\" data-e-type=\"column\">\n\t\t\t<div class=\"elementor-widget-wrap elementor-element-populated\">\n\t\t\t\t\t\t<div class=\"elementor-element elementor-element-f29083a elementor-widget elementor-widget-heading\" data-id=\"f29083a\" data-element_type=\"widget\" data-e-type=\"widget\" data-widget_type=\"heading.default\">\n\t\t\t\t<div class=\"elementor-widget-container\">\n\t\t\t\t\t<h1 class=\"elementor-heading-title elementor-size-default\">Comparateur des offres de fournisseurs<\/h1>\t\t\t\t<\/div>\n\t\t\t\t<\/div>\n\t\t\t\t<div class=\"elementor-element elementor-element-b8d9dad elementor-widget elementor-widget-text-editor\" data-id=\"b8d9dad\" data-element_type=\"widget\" data-e-type=\"widget\" data-widget_type=\"text-editor.default\">\n\t\t\t\t<div class=\"elementor-widget-container\">\n\t\t\t\t\t\t\t\t\t<p><span style=\"background-color: var( --e-global-color-c696dce ); font-size: 1rem;\">Attention, cet outil de comparaison vise \u00e0 vous donner une indication du montant annuel de votre facture afin de vous aider dans le choix de votre fournisseur. Dans le cas o\u00f9 vous souhaiteriez conclure un contrat avec l&rsquo;un des fournisseurs pr\u00e9sents sur le march\u00e9 bruxellois, une lecture scrupuleuse des clauses du contrat propos\u00e9 s&rsquo;impose malgr\u00e9 tout. Votre facture d&rsquo;\u00e9nergie ne pourrait pas \u00eatre contest\u00e9e au motif qu&rsquo;elle ne correspond pas \u00e0 la pr\u00e9sente simulation. Aucune responsabilit\u00e9 ne pourra \u00eatre imput\u00e9e au R\u00e9gulateur pour l&rsquo;\u00e9lectricit\u00e9 et le gaz en R\u00e9gion de Bruxelles-Capitale dans le cas o\u00f9 les informations ici relay\u00e9es s&rsquo;av\u00e8reraient incompl\u00e8tes ou inexactes.<\/span><\/p><p>L\u2019adresse email des utilisateurs est trait\u00e9e comme de l\u2019information strictement personnelle. Elle ne sera pas conserv\u00e9e ni partag\u00e9e avec des tiers.<\/p>\t\t\t\t\t\t\t\t<\/div>\n\t\t\t\t<\/div>\n\t\t\t\t\t<\/div>\n\t\t<\/div>\n\t\t\t\t\t<\/div>\n\t\t<\/section>\n\t\t\t\t<\/div>\n\t\t","protected":false},"excerpt":{"rendered":"<p>Comparateur des offres de fournisseurs Attention, cet outil de comparaison vise \u00e0 vous donner une indication du montant annuel de votre facture afin de vous aider dans le choix de votre fournisseur. Dans le cas o\u00f9 vous souhaiteriez conclure un contrat avec l&rsquo;un des fournisseurs pr\u00e9sents sur le march\u00e9 bruxellois, une lecture scrupuleuse des clauses [&hellip;]<\/p>\n","protected":false},"author":1,"featured_media":0,"parent":0,"menu_order":0,"comment_status":"closed","ping_status":"closed","template":"","meta":{"inline_featured_image":false,"footnotes":""},"class_list":["post-1123","page","type-page","status-publish","hentry"],"yoast_head":"<!-- This site is optimized with the Yoast SEO plugin v27.5 - https:\/\/yoast.com\/product\/yoast-seo-wordpress\/ -->\n<title>Disclaimer - BruSim<\/title>\n<meta name=\"robots\" content=\"noindex, follow, max-snippet:-1, max-image-preview:large, max-video-preview:-1\" \/>\n<meta property=\"og:locale\" content=\"fr_FR\" \/>\n<meta property=\"og:type\" content=\"article\" \/>\n<meta property=\"og:title\" content=\"Disclaimer - BruSim\" \/>\n<meta property=\"og:description\" content=\"Comparateur des offres de fournisseurs Attention, cet outil de comparaison vise \u00e0 vous donner une indication du montant annuel de votre facture afin de vous aider dans le choix de votre fournisseur. Dans le cas o\u00f9 vous souhaiteriez conclure un contrat avec l&rsquo;un des fournisseurs pr\u00e9sents sur le march\u00e9 bruxellois, une lecture scrupuleuse des clauses [&hellip;]\" \/>\n<meta property=\"og:url\" content=\"https:\/\/brugel.brusim.be\/fr\/disclaimer\/\" \/>\n<meta property=\"og:site_name\" content=\"BruSim\" \/>\n<meta property=\"article:modified_time\" content=\"2023-06-19T17:04:18+00:00\" \/>\n<meta name=\"twitter:card\" content=\"summary_large_image\" \/>\n<meta name=\"twitter:label1\" content=\"Dur\u00e9e de lecture estim\u00e9e\" \/>\n\t<meta name=\"twitter:data1\" content=\"1 minute\" \/>\n<script type=\"application\/ld+json\" class=\"yoast-schema-graph\">{\"@context\":\"https:\\\/\\\/schema.org\",\"@graph\":[{\"@type\":\"WebPage\",\"@id\":\"https:\\\/\\\/brugel.brusim.be\\\/fr\\\/disclaimer\\\/\",\"url\":\"https:\\\/\\\/brugel.brusim.be\\\/fr\\\/disclaimer\\\/\",\"name\":\"Disclaimer - BruSim\",\"isPartOf\":{\"@id\":\"https:\\\/\\\/brugel.brusim.be\\\/fr\\\/#website\"},\"datePublished\":\"2023-06-19T16:44:36+00:00\",\"dateModified\":\"2023-06-19T17:04:18+00:00\",\"breadcrumb\":{\"@id\":\"https:\\\/\\\/brugel.brusim.be\\\/fr\\\/disclaimer\\\/#breadcrumb\"},\"inLanguage\":\"fr-FR\",\"potentialAction\":[{\"@type\":\"ReadAction\",\"target\":[\"https:\\\/\\\/brugel.brusim.be\\\/fr\\\/disclaimer\\\/\"]}]},{\"@type\":\"BreadcrumbList\",\"@id\":\"https:\\\/\\\/brugel.brusim.be\\\/fr\\\/disclaimer\\\/#breadcrumb\",\"itemListElement\":[{\"@type\":\"ListItem\",\"position\":1,\"name\":\"Accueil\",\"item\":\"https:\\\/\\\/brugel.brusim.be\\\/fr\\\/\"},{\"@type\":\"ListItem\",\"position\":2,\"name\":\"Disclaimer\"}]},{\"@type\":\"WebSite\",\"@id\":\"https:\\\/\\\/brugel.brusim.be\\\/fr\\\/#website\",\"url\":\"https:\\\/\\\/brugel.brusim.be\\\/fr\\\/\",\"name\":\"BruSim\",\"description\":\"Ce simulateur vous permet de comparer l&#039;ensemble des offres propos\u00e9es par les fournisseurs d&#039;\u00e9lectricit\u00e9 et de gaz en R\u00e9gion de Bruxelles-Capitale.\",\"publisher\":{\"@id\":\"https:\\\/\\\/brugel.brusim.be\\\/fr\\\/#organization\"},\"potentialAction\":[{\"@type\":\"SearchAction\",\"target\":{\"@type\":\"EntryPoint\",\"urlTemplate\":\"https:\\\/\\\/brugel.brusim.be\\\/fr\\\/?s={search_term_string}\"},\"query-input\":{\"@type\":\"PropertyValueSpecification\",\"valueRequired\":true,\"valueName\":\"search_term_string\"}}],\"inLanguage\":\"fr-FR\"},{\"@type\":\"Organization\",\"@id\":\"https:\\\/\\\/brugel.brusim.be\\\/fr\\\/#organization\",\"name\":\"BruSim\",\"url\":\"https:\\\/\\\/brugel.brusim.be\\\/fr\\\/\",\"logo\":{\"@type\":\"ImageObject\",\"inLanguage\":\"fr-FR\",\"@id\":\"https:\\\/\\\/brugel.brusim.be\\\/fr\\\/#\\\/schema\\\/logo\\\/image\\\/\",\"url\":\"https:\\\/\\\/brugel.brusim.be\\\/wp-content\\\/uploads\\\/2023\\\/06\\\/brugel-logo.svg\",\"contentUrl\":\"https:\\\/\\\/brugel.brusim.be\\\/wp-content\\\/uploads\\\/2023\\\/06\\\/brugel-logo.svg\",\"width\":202,\"height\":42,\"caption\":\"BruSim\"},\"image\":{\"@id\":\"https:\\\/\\\/brugel.brusim.be\\\/fr\\\/#\\\/schema\\\/logo\\\/image\\\/\"}}]}<\/script>\n<!-- \/ Yoast SEO plugin. -->","yoast_head_json":{"title":"Disclaimer - BruSim","robots":{"index":"noindex","follow":"follow","max-snippet":"max-snippet:-1","max-image-preview":"max-image-preview:large","max-video-preview":"max-video-preview:-1"},"og_locale":"fr_FR","og_type":"article","og_title":"Disclaimer - BruSim","og_description":"Comparateur des offres de fournisseurs Attention, cet outil de comparaison vise \u00e0 vous donner une indication du montant annuel de votre facture afin de vous aider dans le choix de votre fournisseur. Dans le cas o\u00f9 vous souhaiteriez conclure un contrat avec l&rsquo;un des fournisseurs pr\u00e9sents sur le march\u00e9 bruxellois, une lecture scrupuleuse des clauses [&hellip;]","og_url":"https:\/\/brugel.brusim.be\/fr\/disclaimer\/","og_site_name":"BruSim","article_modified_time":"2023-06-19T17:04:18+00:00","twitter_card":"summary_large_image","twitter_misc":{"Dur\u00e9e de lecture estim\u00e9e":"1 minute"},"schema":{"@context":"https:\/\/schema.org","@graph":[{"@type":"WebPage","@id":"https:\/\/brugel.brusim.be\/fr\/disclaimer\/","url":"https:\/\/brugel.brusim.be\/fr\/disclaimer\/","name":"Disclaimer - BruSim","isPartOf":{"@id":"https:\/\/brugel.brusim.be\/fr\/#website"},"datePublished":"2023-06-19T16:44:36+00:00","dateModified":"2023-06-19T17:04:18+00:00","breadcrumb":{"@id":"https:\/\/brugel.brusim.be\/fr\/disclaimer\/#breadcrumb"},"inLanguage":"fr-FR","potentialAction":[{"@type":"ReadAction","target":["https:\/\/brugel.brusim.be\/fr\/disclaimer\/"]}]},{"@type":"BreadcrumbList","@id":"https:\/\/brugel.brusim.be\/fr\/disclaimer\/#breadcrumb","itemListElement":[{"@type":"ListItem","position":1,"name":"Accueil","item":"https:\/\/brugel.brusim.be\/fr\/"},{"@type":"ListItem","position":2,"name":"Disclaimer"}]},{"@type":"WebSite","@id":"https:\/\/brugel.brusim.be\/fr\/#website","url":"https:\/\/brugel.brusim.be\/fr\/","name":"BruSim","description":"Ce simulateur vous permet de comparer l&#039;ensemble des offres propos\u00e9es par les fournisseurs d&#039;\u00e9lectricit\u00e9 et de gaz en R\u00e9gion de Bruxelles-Capitale.","publisher":{"@id":"https:\/\/brugel.brusim.be\/fr\/#organization"},"potentialAction":[{"@type":"SearchAction","target":{"@type":"EntryPoint","urlTemplate":"https:\/\/brugel.brusim.be\/fr\/?s={search_term_string}"},"query-input":{"@type":"PropertyValueSpecification","valueRequired":true,"valueName":"search_term_string"}}],"inLanguage":"fr-FR"},{"@type":"Organization","@id":"https:\/\/brugel.brusim.be\/fr\/#organization","name":"BruSim","url":"https:\/\/brugel.brusim.be\/fr\/","logo":{"@type":"ImageObject","inLanguage":"fr-FR","@id":"https:\/\/brugel.brusim.be\/fr\/#\/schema\/logo\/image\/","url":"https:\/\/brugel.brusim.be\/wp-content\/uploads\/2023\/06\/brugel-logo.svg","contentUrl":"https:\/\/brugel.brusim.be\/wp-content\/uploads\/2023\/06\/brugel-logo.svg","width":202,"height":42,"caption":"BruSim"},"image":{"@id":"https:\/\/brugel.brusim.be\/fr\/#\/schema\/logo\/image\/"}}]}},"_links":{"self":[{"href":"https:\/\/brugel.brusim.be\/fr\/wp-json\/wp\/v2\/pages\/1123","targetHints":{"allow":["GET"]}}],"collection":[{"href":"https:\/\/brugel.brusim.be\/fr\/wp-json\/wp\/v2\/pages"}],"about":[{"href":"https:\/\/brugel.brusim.be\/fr\/wp-json\/wp\/v2\/types\/page"}],"author":[{"embeddable":true,"href":"https:\/\/brugel.brusim.be\/fr\/wp-json\/wp\/v2\/users\/1"}],"replies":[{"embeddable":true,"href":"https:\/\/brugel.brusim.be\/fr\/wp-json\/wp\/v2\/comments?post=1123"}],"version-history":[{"count":16,"href":"https:\/\/brugel.brusim.be\/fr\/wp-json\/wp\/v2\/pages\/1123\/revisions"}],"predecessor-version":[{"id":1149,"href":"https:\/\/brugel.brusim.be\/fr\/wp-json\/wp\/v2\/pages\/1123\/revisions\/1149"}],"wp:attachment":[{"href":"https:\/\/brugel.brusim.be\/fr\/wp-json\/wp\/v2\/media?parent=1123"}],"curies":[{"name":"wp","href":"https:\/\/api.w.org\/{rel}","templated":true}]}}